{"id":2,"date":"2016-09-06T09:48:58","date_gmt":"2016-09-06T07:48:58","guid":{"rendered":"http:\/\/heidelein.fr\/?page_id=2"},"modified":"2020-08-19T10:29:58","modified_gmt":"2020-08-19T08:29:58","slug":"page-d-exemple","status":"publish","type":"page","link":"https:\/\/www.heidelein.fr\/index.php\/page-d-exemple\/","title":{"rendered":"Bio"},"content":{"rendered":"<p><img loading=\"lazy\" decoding=\"async\" class=\"size-medium wp-image-63 alignleft\" src=\"http:\/\/www.heidelein.fr\/wp-content\/uploads\/2017\/12\/DSCF0710-300x199.jpg\" alt=\"DSCF0710\" width=\"300\" height=\"199\" srcset=\"https:\/\/www.heidelein.fr\/wp-content\/uploads\/2017\/12\/DSCF0710-300x199.jpg 300w, https:\/\/www.heidelein.fr\/wp-content\/uploads\/2017\/12\/DSCF0710-768x511.jpg 768w, https:\/\/www.heidelein.fr\/wp-content\/uploads\/2017\/12\/DSCF0710-1024x681.jpg 1024w\" sizes=\"auto, (max-width: 300px) 100vw, 300px\" \/>Apr\u00e8s une formation classique en piano, contrepoint et harmonie avec Alain Vernet, Bertrand H\u00e9delin (ou Heidelein) \u00e9tudie le piano jazz avec Magali Souriau.<\/p>\n<p>Dans les ann\u00e9es 80, il suit le cursus de composition dirig\u00e9 par Ivan Julien au C.I.M. \u00e0 Paris (Centre d\u2019Information Musical). Parall\u00e8lement il travaille avec Yannis Xenakis sur le d\u00e9veloppement du syst\u00e8me UPIC pour la composition musicale graphique.<\/p>\n<p>H\u00e9delin est ing\u00e9nieur dipl\u00f4m\u00e9 de TelecomSud Paris et Docteur en informatique de l&rsquo;Inria\/Universit\u00e9 C\u00f4te d&rsquo;Azur. Il a une carri\u00e8re vari\u00e9e technique et internationale dans le domaine des Telecom. Membre de la SACEM depuis 1998.<br \/>\nUne longue histoire le lie au Japon. Il a publi\u00e9 plusieurs ouvrages de traduction de po\u00e9sies japonaises depuis le japonais aux \u00e9ditions Alternatives-Gallimard.<\/p>\n<p>Il travaille avec l&rsquo;Inria et le CIRM sur l&rsquo;utilisation des technologies d&rsquo;informatique diffuse appliqu\u00e9es aux arts de la sc\u00e8ne.<\/p>\n<p><em>After classical training in piano, counterpoint and harmony with Alain Vernet, Bertrand H\u00e9delin (or Heidelein) studied jazz piano with Magali Souriau.<\/em><\/p>\n<p><em>In the 80&rsquo;s, he follows the composition course directed by Ivan Julien at the C.I.M. in Paris (Centre d&rsquo;Information Musical). At the same time he works with Yannis Xenakis on the development of the UPIC system for graphic music composition.<\/em><\/p>\n<p><em>H\u00e9delin is a graduate engineer from TelecomSud Paris and holds a PhD in computer science from Inria\/University C\u00f4te d&rsquo;Azur. He has a varied technical and international career in the field of Telecom. Member of SACEM since 1998.<\/em><br \/>\n<em>He has a long history in Japan. He has published several works of translation of Japanese poetry from Japanese at Alternatives-Gallimard Editions.<\/em><\/p>\n","protected":false},"excerpt":{"rendered":"<p>Apr\u00e8s une formation classique en piano, contrepoint et harmonie avec Alain Vernet, Bertrand H\u00e9delin (ou Heidelein) \u00e9tudie le piano jazz avec Magali Souriau. Dans les ann\u00e9es 80, il suit le cursus de composition dirig\u00e9 par Ivan Julien au C.I.M. \u00e0 &hellip; <a href=\"https:\/\/www.heidelein.fr\/index.php\/page-d-exemple\/\">Continuer la lecture <span class=\"meta-nav\">&rarr;<\/span><\/a><\/p>\n","protected":false},"author":1,"featured_media":0,"parent":0,"menu_order":0,"comment_status":"closed","ping_status":"open","template":"","meta":{"footnotes":""},"class_list":["post-2","page","type-page","status-publish","hentry"],"_links":{"self":[{"href":"https:\/\/www.heidelein.fr\/index.php\/wp-json\/wp\/v2\/pages\/2","targetHints":{"allow":["GET"]}}],"collection":[{"href":"https:\/\/www.heidelein.fr\/index.php\/wp-json\/wp\/v2\/pages"}],"about":[{"href":"https:\/\/www.heidelein.fr\/index.php\/wp-json\/wp\/v2\/types\/page"}],"author":[{"embeddable":true,"href":"https:\/\/www.heidelein.fr\/index.php\/wp-json\/wp\/v2\/users\/1"}],"replies":[{"embeddable":true,"href":"https:\/\/www.heidelein.fr\/index.php\/wp-json\/wp\/v2\/comments?post=2"}],"version-history":[{"count":9,"href":"https:\/\/www.heidelein.fr\/index.php\/wp-json\/wp\/v2\/pages\/2\/revisions"}],"predecessor-version":[{"id":115,"href":"https:\/\/www.heidelein.fr\/index.php\/wp-json\/wp\/v2\/pages\/2\/revisions\/115"}],"wp:attachment":[{"href":"https:\/\/www.heidelein.fr\/index.php\/wp-json\/wp\/v2\/media?parent=2"}],"curies":[{"name":"wp","href":"https:\/\/api.w.org\/{rel}","templated":true}]}}